{"id":140,"date":"2024-06-18T16:09:53","date_gmt":"2024-06-18T14:09:53","guid":{"rendered":"http:\/\/www.leslunettesjaunes.com\/?page_id=140"},"modified":"2024-06-18T18:37:45","modified_gmt":"2024-06-18T16:37:45","slug":"saviez-vous-que","status":"publish","type":"page","link":"http:\/\/www.leslunettesjaunes.com\/index.php\/saviez-vous-que\/","title":{"rendered":"Saviez-vous que &#8230;?"},"content":{"rendered":"\t\t<div data-elementor-type=\"wp-page\" data-elementor-id=\"140\" class=\"elementor elementor-140\">\n\t\t\t\t<div class=\"elementor-element elementor-element-e27a20f e-flex e-con-boxed e-con e-parent\" data-id=\"e27a20f\" data-element_type=\"container\">\n\t\t\t\t\t<div class=\"e-con-inner\">\n\t\t\t\t<div class=\"elementor-element elementor-element-4b6c609 elementor-widget elementor-widget-text-editor\" data-id=\"4b6c609\" data-element_type=\"widget\" data-widget_type=\"text-editor.default\">\n\t\t\t\t<div class=\"elementor-widget-container\">\n\t\t\t<style>\/*! elementor - v3.21.0 - 26-05-2024 *\/\n.elementor-widget-text-editor.elementor-drop-cap-view-stacked .elementor-drop-cap{background-color:#69727d;color:#fff}.elementor-widget-text-editor.elementor-drop-cap-view-framed .elementor-drop-cap{color:#69727d;border:3px solid;background-color:transparent}.elementor-widget-text-editor:not(.elementor-drop-cap-view-default) .elementor-drop-cap{margin-top:8px}.elementor-widget-text-editor:not(.elementor-drop-cap-view-default) .elementor-drop-cap-letter{width:1em;height:1em}.elementor-widget-text-editor .elementor-drop-cap{float:left;text-align:center;line-height:1;font-size:50px}.elementor-widget-text-editor .elementor-drop-cap-letter{display:inline-block}<\/style>\t\t\t\t<p><b><img decoding=\"async\" class=\"alignnone  wp-image-148\" src=\"http:\/\/www.leslunettesjaunes.com\/wp-content\/uploads\/2024\/06\/LOGO-ICON-JAUNE-SANS-FOND-286x300.png\" alt=\"\" width=\"49\" height=\"51\" srcset=\"http:\/\/www.leslunettesjaunes.com\/wp-content\/uploads\/2024\/06\/LOGO-ICON-JAUNE-SANS-FOND-286x300.png 286w, http:\/\/www.leslunettesjaunes.com\/wp-content\/uploads\/2024\/06\/LOGO-ICON-JAUNE-SANS-FOND-977x1024.png 977w, http:\/\/www.leslunettesjaunes.com\/wp-content\/uploads\/2024\/06\/LOGO-ICON-JAUNE-SANS-FOND-768x805.png 768w, http:\/\/www.leslunettesjaunes.com\/wp-content\/uploads\/2024\/06\/LOGO-ICON-JAUNE-SANS-FOND-1465x1536.png 1465w, http:\/\/www.leslunettesjaunes.com\/wp-content\/uploads\/2024\/06\/LOGO-ICON-JAUNE-SANS-FOND-1954x2048.png 1954w\" sizes=\"(max-width: 49px) 100vw, 49px\" \/>L\u2019activit\u00e9 physique <\/b>mod\u00e9r\u00e9e permet de diminuer l\u2019absent\u00e9isme pour maladie et le turnover<\/p><p><b> <img decoding=\"async\" class=\"alignnone  wp-image-149\" src=\"http:\/\/www.leslunettesjaunes.com\/wp-content\/uploads\/2024\/06\/LOGO-ICON-ORANGE-SANS-FOND-286x300.png\" alt=\"\" width=\"48\" height=\"50\" srcset=\"http:\/\/www.leslunettesjaunes.com\/wp-content\/uploads\/2024\/06\/LOGO-ICON-ORANGE-SANS-FOND-286x300.png 286w, http:\/\/www.leslunettesjaunes.com\/wp-content\/uploads\/2024\/06\/LOGO-ICON-ORANGE-SANS-FOND-977x1024.png 977w, http:\/\/www.leslunettesjaunes.com\/wp-content\/uploads\/2024\/06\/LOGO-ICON-ORANGE-SANS-FOND-768x805.png 768w, http:\/\/www.leslunettesjaunes.com\/wp-content\/uploads\/2024\/06\/LOGO-ICON-ORANGE-SANS-FOND-1465x1536.png 1465w, http:\/\/www.leslunettesjaunes.com\/wp-content\/uploads\/2024\/06\/LOGO-ICON-ORANGE-SANS-FOND-1954x2048.png 1954w\" sizes=\"(max-width: 48px) 100vw, 48px\" \/>Les enfants qui bougent<\/b> ont de meilleurs r\u00e9sultats scolaires<\/p><p><b><img decoding=\"async\" class=\"alignnone  wp-image-148\" src=\"http:\/\/www.leslunettesjaunes.com\/wp-content\/uploads\/2024\/06\/LOGO-ICON-JAUNE-SANS-FOND-286x300.png\" alt=\"\" width=\"49\" height=\"51\" srcset=\"http:\/\/www.leslunettesjaunes.com\/wp-content\/uploads\/2024\/06\/LOGO-ICON-JAUNE-SANS-FOND-286x300.png 286w, http:\/\/www.leslunettesjaunes.com\/wp-content\/uploads\/2024\/06\/LOGO-ICON-JAUNE-SANS-FOND-977x1024.png 977w, http:\/\/www.leslunettesjaunes.com\/wp-content\/uploads\/2024\/06\/LOGO-ICON-JAUNE-SANS-FOND-768x805.png 768w, http:\/\/www.leslunettesjaunes.com\/wp-content\/uploads\/2024\/06\/LOGO-ICON-JAUNE-SANS-FOND-1465x1536.png 1465w, http:\/\/www.leslunettesjaunes.com\/wp-content\/uploads\/2024\/06\/LOGO-ICON-JAUNE-SANS-FOND-1954x2048.png 1954w\" sizes=\"(max-width: 49px) 100vw, 49px\" \/><\/b>On peut se servir du <b>d\u00e9placement<\/b> pour faire du sport sans amputer son agenda<\/p><p><b><img decoding=\"async\" class=\"alignnone  wp-image-149\" src=\"http:\/\/www.leslunettesjaunes.com\/wp-content\/uploads\/2024\/06\/LOGO-ICON-ORANGE-SANS-FOND-286x300.png\" alt=\"\" width=\"48\" height=\"50\" srcset=\"http:\/\/www.leslunettesjaunes.com\/wp-content\/uploads\/2024\/06\/LOGO-ICON-ORANGE-SANS-FOND-286x300.png 286w, http:\/\/www.leslunettesjaunes.com\/wp-content\/uploads\/2024\/06\/LOGO-ICON-ORANGE-SANS-FOND-977x1024.png 977w, http:\/\/www.leslunettesjaunes.com\/wp-content\/uploads\/2024\/06\/LOGO-ICON-ORANGE-SANS-FOND-768x805.png 768w, http:\/\/www.leslunettesjaunes.com\/wp-content\/uploads\/2024\/06\/LOGO-ICON-ORANGE-SANS-FOND-1465x1536.png 1465w, http:\/\/www.leslunettesjaunes.com\/wp-content\/uploads\/2024\/06\/LOGO-ICON-ORANGE-SANS-FOND-1954x2048.png 1954w\" sizes=\"(max-width: 48px) 100vw, 48px\" \/><\/b>La<b> marche<\/b> est le mode de d\u00e9placement le plus efficace sur courte distance<\/p><p><b><img decoding=\"async\" class=\"alignnone  wp-image-148\" src=\"http:\/\/www.leslunettesjaunes.com\/wp-content\/uploads\/2024\/06\/LOGO-ICON-JAUNE-SANS-FOND-286x300.png\" alt=\"\" width=\"49\" height=\"51\" srcset=\"http:\/\/www.leslunettesjaunes.com\/wp-content\/uploads\/2024\/06\/LOGO-ICON-JAUNE-SANS-FOND-286x300.png 286w, http:\/\/www.leslunettesjaunes.com\/wp-content\/uploads\/2024\/06\/LOGO-ICON-JAUNE-SANS-FOND-977x1024.png 977w, http:\/\/www.leslunettesjaunes.com\/wp-content\/uploads\/2024\/06\/LOGO-ICON-JAUNE-SANS-FOND-768x805.png 768w, http:\/\/www.leslunettesjaunes.com\/wp-content\/uploads\/2024\/06\/LOGO-ICON-JAUNE-SANS-FOND-1465x1536.png 1465w, http:\/\/www.leslunettesjaunes.com\/wp-content\/uploads\/2024\/06\/LOGO-ICON-JAUNE-SANS-FOND-1954x2048.png 1954w\" sizes=\"(max-width: 49px) 100vw, 49px\" \/>10 000 pas<\/b> par jours = 6 \u00e0 7 km\u00a0<\/p><p><b><img decoding=\"async\" class=\"alignnone  wp-image-149\" src=\"http:\/\/www.leslunettesjaunes.com\/wp-content\/uploads\/2024\/06\/LOGO-ICON-ORANGE-SANS-FOND-286x300.png\" alt=\"\" width=\"48\" height=\"50\" srcset=\"http:\/\/www.leslunettesjaunes.com\/wp-content\/uploads\/2024\/06\/LOGO-ICON-ORANGE-SANS-FOND-286x300.png 286w, http:\/\/www.leslunettesjaunes.com\/wp-content\/uploads\/2024\/06\/LOGO-ICON-ORANGE-SANS-FOND-977x1024.png 977w, http:\/\/www.leslunettesjaunes.com\/wp-content\/uploads\/2024\/06\/LOGO-ICON-ORANGE-SANS-FOND-768x805.png 768w, http:\/\/www.leslunettesjaunes.com\/wp-content\/uploads\/2024\/06\/LOGO-ICON-ORANGE-SANS-FOND-1465x1536.png 1465w, http:\/\/www.leslunettesjaunes.com\/wp-content\/uploads\/2024\/06\/LOGO-ICON-ORANGE-SANS-FOND-1954x2048.png 1954w\" sizes=\"(max-width: 48px) 100vw, 48px\" \/><\/b>Pour les trajets de moins de <b>5 km <\/b>en agglom\u00e9ration, le <b>v\u00e9lo <\/b>est plus rapide que la voiture<\/p>\t\t\t\t\t\t<\/div>\n\t\t\t\t<\/div>\n\t\t\t\t\t<\/div>\n\t\t\t\t<\/div>\n\t\t<div class=\"elementor-element elementor-element-ce6398d e-flex e-con-boxed e-con e-parent\" data-id=\"ce6398d\" data-element_type=\"container\">\n\t\t\t\t\t<div class=\"e-con-inner\">\n\t\t\t\t<div class=\"elementor-element elementor-element-605e34f elementor-widget elementor-widget-image\" data-id=\"605e34f\" data-element_type=\"widget\" data-widget_type=\"image.default\">\n\t\t\t\t<div class=\"elementor-widget-container\">\n\t\t\t<style>\/*! elementor - v3.21.0 - 26-05-2024 *\/\n.elementor-widget-image{text-align:center}.elementor-widget-image a{display:inline-block}.elementor-widget-image a img[src$=\".svg\"]{width:48px}.elementor-widget-image img{vertical-align:middle;display:inline-block}<\/style>\t\t\t\t\t\t\t\t\t\t<img fetchpriority=\"high\" decoding=\"async\" width=\"246\" height=\"300\" src=\"http:\/\/www.leslunettesjaunes.com\/wp-content\/uploads\/2024\/06\/escalier-nudge-246x300.jpg\" class=\"attachment-medium size-medium wp-image-170\" alt=\"\" srcset=\"http:\/\/www.leslunettesjaunes.com\/wp-content\/uploads\/2024\/06\/escalier-nudge-246x300.jpg 246w, http:\/\/www.leslunettesjaunes.com\/wp-content\/uploads\/2024\/06\/escalier-nudge-838x1024.jpg 838w, http:\/\/www.leslunettesjaunes.com\/wp-content\/uploads\/2024\/06\/escalier-nudge-768x938.jpg 768w, http:\/\/www.leslunettesjaunes.com\/wp-content\/uploads\/2024\/06\/escalier-nudge-1257x1536.jpg 1257w, http:\/\/www.leslunettesjaunes.com\/wp-content\/uploads\/2024\/06\/escalier-nudge-1677x2048.jpg 1677w\" sizes=\"100vw\" \/>\t\t\t\t\t\t\t\t\t\t\t\t\t<\/div>\n\t\t\t\t<\/div>\n\t\t\t\t\t<\/div>\n\t\t\t\t<\/div>\n\t\t<div class=\"elementor-element elementor-element-05424a9 e-flex e-con-boxed e-con e-parent\" data-id=\"05424a9\" data-element_type=\"container\">\n\t\t\t\t\t<div class=\"e-con-inner\">\n\t\t\t\t<div class=\"elementor-element elementor-element-0df20de elementor-arrows-position-inside elementor-pagination-position-outside elementor-widget elementor-widget-image-carousel\" data-id=\"0df20de\" data-element_type=\"widget\" data-settings=\"{&quot;navigation&quot;:&quot;both&quot;,&quot;autoplay&quot;:&quot;yes&quot;,&quot;pause_on_hover&quot;:&quot;yes&quot;,&quot;pause_on_interaction&quot;:&quot;yes&quot;,&quot;autoplay_speed&quot;:5000,&quot;infinite&quot;:&quot;yes&quot;,&quot;speed&quot;:500}\" data-widget_type=\"image-carousel.default\">\n\t\t\t\t<div class=\"elementor-widget-container\">\n\t\t\t<style>\/*! elementor - v3.21.0 - 26-05-2024 *\/\n.elementor-widget-image-carousel .swiper,.elementor-widget-image-carousel .swiper-container{position:static}.elementor-widget-image-carousel .swiper-container .swiper-slide figure,.elementor-widget-image-carousel .swiper .swiper-slide figure{line-height:inherit}.elementor-widget-image-carousel .swiper-slide{text-align:center}.elementor-image-carousel-wrapper:not(.swiper-container-initialized):not(.swiper-initialized) .swiper-slide{max-width:calc(100% \/ var(--e-image-carousel-slides-to-show, 3))}<\/style>\t\t<div class=\"elementor-image-carousel-wrapper swiper\" dir=\"ltr\">\n\t\t\t<div class=\"elementor-image-carousel swiper-wrapper\" aria-live=\"off\">\n\t\t\t\t\t\t\t\t<div class=\"swiper-slide\" role=\"group\" aria-roledescription=\"slide\" aria-label=\"1 of 4\"><figure class=\"swiper-slide-inner\"><img decoding=\"async\" class=\"swiper-slide-image\" src=\"http:\/\/www.leslunettesjaunes.com\/wp-content\/uploads\/2024\/06\/Activite-sportive-en-entreprise.png\" alt=\"Activit\u00e9 sportive en entreprise\" \/><\/figure><\/div><div class=\"swiper-slide\" role=\"group\" aria-roledescription=\"slide\" aria-label=\"2 of 4\"><figure class=\"swiper-slide-inner\"><img decoding=\"async\" class=\"swiper-slide-image\" src=\"http:\/\/www.leslunettesjaunes.com\/wp-content\/uploads\/2024\/06\/Activite-sportive-en-entreprise1.png\" alt=\"Activit\u00e9 sportive en entreprise(1)\" \/><\/figure><\/div><div class=\"swiper-slide\" role=\"group\" aria-roledescription=\"slide\" aria-label=\"3 of 4\"><figure class=\"swiper-slide-inner\"><img decoding=\"async\" class=\"swiper-slide-image\" src=\"http:\/\/www.leslunettesjaunes.com\/wp-content\/uploads\/2024\/06\/Activite-sportive-en-entreprise2.png\" alt=\"Activit\u00e9 sportive en entreprise(2)\" \/><\/figure><\/div><div class=\"swiper-slide\" role=\"group\" aria-roledescription=\"slide\" aria-label=\"4 of 4\"><figure class=\"swiper-slide-inner\"><img decoding=\"async\" class=\"swiper-slide-image\" src=\"http:\/\/www.leslunettesjaunes.com\/wp-content\/uploads\/2024\/06\/Activite-sportive-en-entreprise4.png\" alt=\"Activit\u00e9 sportive en entreprise(4)\" \/><\/figure><\/div>\t\t\t<\/div>\n\t\t\t\t\t\t\t\t\t\t\t\t<div class=\"elementor-swiper-button elementor-swiper-button-prev\" role=\"button\" tabindex=\"0\">\n\t\t\t\t\t\t<svg aria-hidden=\"true\" class=\"e-font-icon-svg e-eicon-chevron-left\" viewBox=\"0 0 1000 1000\" xmlns=\"http:\/\/www.w3.org\/2000\/svg\"><path d=\"M646 125C629 125 613 133 604 142L308 442C296 454 292 471 292 487 292 504 296 521 308 533L604 854C617 867 629 875 646 875 663 875 679 871 692 858 704 846 713 829 713 812 713 796 708 779 692 767L438 487 692 225C700 217 708 204 708 187 708 171 704 154 692 142 675 129 663 125 646 125Z\"><\/path><\/svg>\t\t\t\t\t<\/div>\n\t\t\t\t\t<div class=\"elementor-swiper-button elementor-swiper-button-next\" role=\"button\" tabindex=\"0\">\n\t\t\t\t\t\t<svg aria-hidden=\"true\" class=\"e-font-icon-svg e-eicon-chevron-right\" viewBox=\"0 0 1000 1000\" xmlns=\"http:\/\/www.w3.org\/2000\/svg\"><path d=\"M696 533C708 521 713 504 713 487 713 471 708 454 696 446L400 146C388 133 375 125 354 125 338 125 325 129 313 142 300 154 292 171 292 187 292 204 296 221 308 233L563 492 304 771C292 783 288 800 288 817 288 833 296 850 308 863 321 871 338 875 354 875 371 875 388 867 400 854L696 533Z\"><\/path><\/svg>\t\t\t\t\t<\/div>\n\t\t\t\t\n\t\t\t\t\t\t\t\t\t<div class=\"swiper-pagination\"><\/div>\n\t\t\t\t\t\t\t\t\t<\/div>\n\t\t\t\t<\/div>\n\t\t\t\t<\/div>\n\t\t\t\t\t<\/div>\n\t\t\t\t<\/div>\n\t\t\t\t<\/div>\n\t\t","protected":false},"excerpt":{"rendered":"<p>L\u2019activit\u00e9 physique mod\u00e9r\u00e9e permet de diminuer l\u2019absent\u00e9isme pour maladie et le turnover Les enfants qui bougent ont de meilleurs r\u00e9sultats scolaires On peut se servir du d\u00e9placement pour faire du sport sans amputer son agenda La marche est le mode de d\u00e9placement le plus efficace sur courte distance 10 000 pas par jours = 6 &hellip; <\/p>\n<p class=\"link-more\"><a href=\"http:\/\/www.leslunettesjaunes.com\/index.php\/saviez-vous-que\/\" class=\"more-link\">Continue reading<span class=\"screen-reader-text\"> &#8220;Saviez-vous que &#8230;?&#8221;<\/span><\/a><\/p>\n","protected":false},"author":1,"featured_media":184,"parent":0,"menu_order":0,"comment_status":"closed","ping_status":"closed","template":"","meta":{"footnotes":""},"class_list":["post-140","page","type-page","status-publish","has-post-thumbnail","hentry"],"_links":{"self":[{"href":"http:\/\/www.leslunettesjaunes.com\/index.php\/wp-json\/wp\/v2\/pages\/140","targetHints":{"allow":["GET"]}}],"collection":[{"href":"http:\/\/www.leslunettesjaunes.com\/index.php\/wp-json\/wp\/v2\/pages"}],"about":[{"href":"http:\/\/www.leslunettesjaunes.com\/index.php\/wp-json\/wp\/v2\/types\/page"}],"author":[{"embeddable":true,"href":"http:\/\/www.leslunettesjaunes.com\/index.php\/wp-json\/wp\/v2\/users\/1"}],"replies":[{"embeddable":true,"href":"http:\/\/www.leslunettesjaunes.com\/index.php\/wp-json\/wp\/v2\/comments?post=140"}],"version-history":[{"count":10,"href":"http:\/\/www.leslunettesjaunes.com\/index.php\/wp-json\/wp\/v2\/pages\/140\/revisions"}],"predecessor-version":[{"id":221,"href":"http:\/\/www.leslunettesjaunes.com\/index.php\/wp-json\/wp\/v2\/pages\/140\/revisions\/221"}],"wp:featuredmedia":[{"embeddable":true,"href":"http:\/\/www.leslunettesjaunes.com\/index.php\/wp-json\/wp\/v2\/media\/184"}],"wp:attachment":[{"href":"http:\/\/www.leslunettesjaunes.com\/index.php\/wp-json\/wp\/v2\/media?parent=140"}],"curies":[{"name":"wp","href":"https:\/\/api.w.org\/{rel}","templated":true}]}}