{"id":163,"date":"2024-06-18T16:29:45","date_gmt":"2024-06-18T14:29:45","guid":{"rendered":"http:\/\/www.leslunettesjaunes.com\/?page_id=163"},"modified":"2024-06-18T18:04:49","modified_gmt":"2024-06-18T16:04:49","slug":"temoignages","status":"publish","type":"page","link":"http:\/\/www.leslunettesjaunes.com\/index.php\/temoignages\/","title":{"rendered":"T\u00e9moignages"},"content":{"rendered":"\t\t<div data-elementor-type=\"wp-page\" data-elementor-id=\"163\" class=\"elementor elementor-163\">\n\t\t\t\t<div class=\"elementor-element elementor-element-0f40f78 e-flex e-con-boxed e-con e-parent\" data-id=\"0f40f78\" data-element_type=\"container\">\n\t\t\t\t\t<div class=\"e-con-inner\">\n\t\t<div class=\"elementor-element elementor-element-0d87a7f e-con-full e-flex e-con e-child\" data-id=\"0d87a7f\" data-element_type=\"container\">\n\t\t\t\t<div class=\"elementor-element elementor-element-af11bbc elementor-widget elementor-widget-video\" data-id=\"af11bbc\" data-element_type=\"widget\" data-settings=\"{&quot;video_type&quot;:&quot;hosted&quot;,&quot;controls&quot;:&quot;yes&quot;}\" data-widget_type=\"video.default\">\n\t\t\t\t<div class=\"elementor-widget-container\">\n\t\t\t<style>\/*! elementor - v3.21.0 - 26-05-2024 *\/\n.elementor-widget-video .elementor-widget-container{overflow:hidden;transform:translateZ(0)}.elementor-widget-video .elementor-wrapper{aspect-ratio:var(--video-aspect-ratio)}.elementor-widget-video .elementor-wrapper iframe,.elementor-widget-video .elementor-wrapper video{height:100%;width:100%;display:flex;border:none;background-color:#000}@supports not (aspect-ratio:1\/1){.elementor-widget-video .elementor-wrapper{position:relative;overflow:hidden;height:0;padding-bottom:calc(100% \/ var(--video-aspect-ratio))}.elementor-widget-video .elementor-wrapper iframe,.elementor-widget-video .elementor-wrapper video{position:absolute;top:0;right:0;bottom:0;left:0}}.elementor-widget-video .elementor-open-inline .elementor-custom-embed-image-overlay{position:absolute;top:0;right:0;bottom:0;left:0;background-size:cover;background-position:50%}.elementor-widget-video .elementor-custom-embed-image-overlay{cursor:pointer;text-align:center}.elementor-widget-video .elementor-custom-embed-image-overlay:hover .elementor-custom-embed-play i{opacity:1}.elementor-widget-video .elementor-custom-embed-image-overlay img{display:block;width:100%;aspect-ratio:var(--video-aspect-ratio);-o-object-fit:cover;object-fit:cover;-o-object-position:center center;object-position:center center}@supports not (aspect-ratio:1\/1){.elementor-widget-video .elementor-custom-embed-image-overlay{position:relative;overflow:hidden;height:0;padding-bottom:calc(100% \/ var(--video-aspect-ratio))}.elementor-widget-video .elementor-custom-embed-image-overlay img{position:absolute;top:0;right:0;bottom:0;left:0}}.elementor-widget-video .e-hosted-video .elementor-video{-o-object-fit:cover;object-fit:cover}.e-con-inner>.elementor-widget-video,.e-con>.elementor-widget-video{width:var(--container-widget-width);--flex-grow:var(--container-widget-flex-grow)}<\/style>\t\t<div class=\"e-hosted-video elementor-wrapper elementor-open-inline\">\n\t\t\t\t\t<video class=\"elementor-video\" src=\"http:\/\/www.leslunettesjaunes.com\/wp-content\/uploads\/2024\/06\/20240526_164219.mp4\" controls=\"\" preload=\"metadata\" controlsList=\"nodownload\"><\/video>\n\t\t\t\t<\/div>\n\t\t\t\t<\/div>\n\t\t\t\t<\/div>\n\t\t\t\t<\/div>\n\t\t<div class=\"elementor-element elementor-element-3def568 e-con-full e-flex e-con e-child\" data-id=\"3def568\" data-element_type=\"container\">\n\t\t\t\t<div class=\"elementor-element elementor-element-e41fdae elementor-widget elementor-widget-text-editor\" data-id=\"e41fdae\" data-element_type=\"widget\" data-widget_type=\"text-editor.default\">\n\t\t\t\t<div class=\"elementor-widget-container\">\n\t\t\t<style>\/*! elementor - v3.21.0 - 26-05-2024 *\/\n.elementor-widget-text-editor.elementor-drop-cap-view-stacked .elementor-drop-cap{background-color:#69727d;color:#fff}.elementor-widget-text-editor.elementor-drop-cap-view-framed .elementor-drop-cap{color:#69727d;border:3px solid;background-color:transparent}.elementor-widget-text-editor:not(.elementor-drop-cap-view-default) .elementor-drop-cap{margin-top:8px}.elementor-widget-text-editor:not(.elementor-drop-cap-view-default) .elementor-drop-cap-letter{width:1em;height:1em}.elementor-widget-text-editor .elementor-drop-cap{float:left;text-align:center;line-height:1;font-size:50px}.elementor-widget-text-editor .elementor-drop-cap-letter{display:inline-block}<\/style>\t\t\t\t<p>\u00a0<\/p><p><strong>Gr\u00e2ce \u00e0 la remise en selle, j\u2019ai repris confiance en moi et je suis pr\u00eate \u00e0 faire du v\u00e9lo plus souvent.<\/strong><\/p>\t\t\t\t\t\t<\/div>\n\t\t\t\t<\/div>\n\t\t\t\t<\/div>\n\t\t<div class=\"elementor-element elementor-element-676fa73 e-con-full e-flex e-con e-child\" data-id=\"676fa73\" data-element_type=\"container\">\n\t\t\t\t<div class=\"elementor-element elementor-element-817d5e3 elementor-widget elementor-widget-text-editor\" data-id=\"817d5e3\" data-element_type=\"widget\" data-widget_type=\"text-editor.default\">\n\t\t\t\t<div class=\"elementor-widget-container\">\n\t\t\t\t\t\t\t<p>\u00a0<\/p><p><strong>J\u2019ai utilis\u00e9 les fiches trajets pour d\u00e9m\u00e9nager dans une ville qui me permet de rejoindre mon travail en transport en commun.<\/strong><\/p>\t\t\t\t\t\t<\/div>\n\t\t\t\t<\/div>\n\t\t\t\t<\/div>\n\t\t<div class=\"elementor-element elementor-element-7235d4c e-con-full e-flex e-con e-child\" data-id=\"7235d4c\" data-element_type=\"container\">\n\t\t\t\t<div class=\"elementor-element elementor-element-17f9cdd elementor-widget elementor-widget-image\" data-id=\"17f9cdd\" data-element_type=\"widget\" data-widget_type=\"image.default\">\n\t\t\t\t<div class=\"elementor-widget-container\">\n\t\t\t<style>\/*! elementor - v3.21.0 - 26-05-2024 *\/\n.elementor-widget-image{text-align:center}.elementor-widget-image a{display:inline-block}.elementor-widget-image a img[src$=\".svg\"]{width:48px}.elementor-widget-image img{vertical-align:middle;display:inline-block}<\/style>\t\t\t\t\t\t\t\t\t\t<img fetchpriority=\"high\" decoding=\"async\" width=\"525\" height=\"454\" src=\"http:\/\/www.leslunettesjaunes.com\/wp-content\/uploads\/2024\/06\/Fiches-trajets1.png\" class=\"attachment-large size-large wp-image-171\" alt=\"\" srcset=\"http:\/\/www.leslunettesjaunes.com\/wp-content\/uploads\/2024\/06\/Fiches-trajets1.png 565w, http:\/\/www.leslunettesjaunes.com\/wp-content\/uploads\/2024\/06\/Fiches-trajets1-300x260.png 300w\" sizes=\"100vw\" \/>\t\t\t\t\t\t\t\t\t\t\t\t\t<\/div>\n\t\t\t\t<\/div>\n\t\t\t\t<\/div>\n\t\t\t\t\t<\/div>\n\t\t\t\t<\/div>\n\t\t<div class=\"elementor-element elementor-element-5fd1480 e-flex e-con-boxed e-con e-parent\" data-id=\"5fd1480\" data-element_type=\"container\">\n\t\t\t\t\t<div class=\"e-con-inner\">\n\t\t<div class=\"elementor-element elementor-element-6496ce1 e-con-full e-flex e-con e-child\" data-id=\"6496ce1\" data-element_type=\"container\">\n\t\t\t\t<div class=\"elementor-element elementor-element-3a1baf8 elementor-widget__width-initial elementor-widget elementor-widget-text-editor\" data-id=\"3a1baf8\" data-element_type=\"widget\" data-widget_type=\"text-editor.default\">\n\t\t\t\t<div class=\"elementor-widget-container\">\n\t\t\t\t\t\t\t<p><strong>Retrouvez des exemples de bonnes pratiques dans les entretiens des Lunettes Jaunes<\/strong><\/p>\t\t\t\t\t\t<\/div>\n\t\t\t\t<\/div>\n\t\t\t\t<\/div>\n\t\t\t\t<div class=\"elementor-element elementor-element-9bee6d4 elementor-view-default elementor-widget elementor-widget-icon\" data-id=\"9bee6d4\" data-element_type=\"widget\" data-widget_type=\"icon.default\">\n\t\t\t\t<div class=\"elementor-widget-container\">\n\t\t\t\t\t<div class=\"elementor-icon-wrapper\">\n\t\t\t<a class=\"elementor-icon\" href=\"https:\/\/www.linkedin.com\/company\/les-lunettes-jaunes\/posts\/?feedView=articles&#038;viewAsMember=true\">\n\t\t\t<svg aria-hidden=\"true\" class=\"e-font-icon-svg e-fab-linkedin\" viewBox=\"0 0 448 512\" xmlns=\"http:\/\/www.w3.org\/2000\/svg\"><path d=\"M416 32H31.9C14.3 32 0 46.5 0 64.3v383.4C0 465.5 14.3 480 31.9 480H416c17.6 0 32-14.5 32-32.3V64.3c0-17.8-14.4-32.3-32-32.3zM135.4 416H69V202.2h66.5V416zm-33.2-243c-21.3 0-38.5-17.3-38.5-38.5S80.9 96 102.2 96c21.2 0 38.5 17.3 38.5 38.5 0 21.3-17.2 38.5-38.5 38.5zm282.1 243h-66.4V312c0-24.8-.5-56.7-34.5-56.7-34.6 0-39.9 27-39.9 54.9V416h-66.4V202.2h63.7v29.2h.9c8.9-16.8 30.6-34.5 62.9-34.5 67.2 0 79.7 44.3 79.7 101.9V416z\"><\/path><\/svg>\t\t\t<\/a>\n\t\t<\/div>\n\t\t\t\t<\/div>\n\t\t\t\t<\/div>\n\t\t<div class=\"elementor-element elementor-element-be76d60 e-con-full e-flex e-con e-child\" data-id=\"be76d60\" data-element_type=\"container\">\n\t\t<div class=\"elementor-element elementor-element-681de5b e-flex e-con-boxed e-con e-child\" data-id=\"681de5b\" data-element_type=\"container\">\n\t\t\t\t\t<div class=\"e-con-inner\">\n\t\t\t\t<div class=\"elementor-element elementor-element-58f189d elementor-widget elementor-widget-image\" data-id=\"58f189d\" data-element_type=\"widget\" data-widget_type=\"image.default\">\n\t\t\t\t<div class=\"elementor-widget-container\">\n\t\t\t\t\t\t\t\t\t\t\t\t\t<img decoding=\"async\" width=\"150\" height=\"150\" src=\"http:\/\/www.leslunettesjaunes.com\/wp-content\/uploads\/2024\/06\/LOGO-ICON-JAUNE-SANS-FOND-150x150.png\" class=\"attachment-thumbnail size-thumbnail wp-image-148\" alt=\"\" srcset=\"http:\/\/www.leslunettesjaunes.com\/wp-content\/uploads\/2024\/06\/LOGO-ICON-JAUNE-SANS-FOND-150x150.png 150w, http:\/\/www.leslunettesjaunes.com\/wp-content\/uploads\/2024\/06\/LOGO-ICON-JAUNE-SANS-FOND-100x100.png 100w\" sizes=\"100vw\" \/>\t\t\t\t\t\t\t\t\t\t\t\t\t<\/div>\n\t\t\t\t<\/div>\n\t\t\t\t\t<\/div>\n\t\t\t\t<\/div>\n\t\t<div class=\"elementor-element elementor-element-b631a30 e-flex e-con-boxed e-con e-child\" data-id=\"b631a30\" data-element_type=\"container\">\n\t\t\t\t\t<div class=\"e-con-inner\">\n\t\t\t\t\t<\/div>\n\t\t\t\t<\/div>\n\t\t\t\t<\/div>\n\t\t\t\t\t<\/div>\n\t\t\t\t<\/div>\n\t\t\t\t<\/div>\n\t\t","protected":false},"excerpt":{"rendered":"<p>http:\/\/www.leslunettesjaunes.com\/wp-content\/uploads\/2024\/06\/20240526_164219.mp4 \u00a0 Gr\u00e2ce \u00e0 la remise en selle, j\u2019ai repris confiance en moi et je suis pr\u00eate \u00e0 faire du v\u00e9lo plus souvent. \u00a0 J\u2019ai utilis\u00e9 les fiches trajets pour d\u00e9m\u00e9nager dans une ville qui me permet de rejoindre mon travail en transport en commun. Retrouvez des exemples de bonnes pratiques dans les entretiens des &hellip; <\/p>\n<p class=\"link-more\"><a href=\"http:\/\/www.leslunettesjaunes.com\/index.php\/temoignages\/\" class=\"more-link\">Continue reading<span class=\"screen-reader-text\"> &#8220;T\u00e9moignages&#8221;<\/span><\/a><\/p>\n","protected":false},"author":1,"featured_media":129,"parent":0,"menu_order":0,"comment_status":"closed","ping_status":"closed","template":"","meta":{"footnotes":""},"class_list":["post-163","page","type-page","status-publish","has-post-thumbnail","hentry"],"_links":{"self":[{"href":"http:\/\/www.leslunettesjaunes.com\/index.php\/wp-json\/wp\/v2\/pages\/163","targetHints":{"allow":["GET"]}}],"collection":[{"href":"http:\/\/www.leslunettesjaunes.com\/index.php\/wp-json\/wp\/v2\/pages"}],"about":[{"href":"http:\/\/www.leslunettesjaunes.com\/index.php\/wp-json\/wp\/v2\/types\/page"}],"author":[{"embeddable":true,"href":"http:\/\/www.leslunettesjaunes.com\/index.php\/wp-json\/wp\/v2\/users\/1"}],"replies":[{"embeddable":true,"href":"http:\/\/www.leslunettesjaunes.com\/index.php\/wp-json\/wp\/v2\/comments?post=163"}],"version-history":[{"count":13,"href":"http:\/\/www.leslunettesjaunes.com\/index.php\/wp-json\/wp\/v2\/pages\/163\/revisions"}],"predecessor-version":[{"id":191,"href":"http:\/\/www.leslunettesjaunes.com\/index.php\/wp-json\/wp\/v2\/pages\/163\/revisions\/191"}],"wp:featuredmedia":[{"embeddable":true,"href":"http:\/\/www.leslunettesjaunes.com\/index.php\/wp-json\/wp\/v2\/media\/129"}],"wp:attachment":[{"href":"http:\/\/www.leslunettesjaunes.com\/index.php\/wp-json\/wp\/v2\/media?parent=163"}],"curies":[{"name":"wp","href":"https:\/\/api.w.org\/{rel}","templated":true}]}}