{"id":93,"date":"2024-06-18T14:56:31","date_gmt":"2024-06-18T12:56:31","guid":{"rendered":"http:\/\/www.leslunettesjaunes.com\/?page_id=93"},"modified":"2024-06-18T16:22:12","modified_gmt":"2024-06-18T14:22:12","slug":"a-propos-de-2","status":"publish","type":"page","link":"http:\/\/www.leslunettesjaunes.com\/index.php\/a-propos-de-2\/","title":{"rendered":"A propos de"},"content":{"rendered":"\t\t<div data-elementor-type=\"wp-page\" data-elementor-id=\"93\" class=\"elementor elementor-93\">\n\t\t\t\t<div class=\"elementor-element elementor-element-4a7325e e-con-full e-flex e-con e-parent\" data-id=\"4a7325e\" data-element_type=\"container\">\n\t\t\t\t<div class=\"elementor-element elementor-element-fda8ec6 elementor-widget elementor-widget-text-editor\" data-id=\"fda8ec6\" data-element_type=\"widget\" data-widget_type=\"text-editor.default\">\n\t\t\t\t<div class=\"elementor-widget-container\">\n\t\t\t<style>\/*! elementor - v3.21.0 - 26-05-2024 *\/\n.elementor-widget-text-editor.elementor-drop-cap-view-stacked .elementor-drop-cap{background-color:#69727d;color:#fff}.elementor-widget-text-editor.elementor-drop-cap-view-framed .elementor-drop-cap{color:#69727d;border:3px solid;background-color:transparent}.elementor-widget-text-editor:not(.elementor-drop-cap-view-default) .elementor-drop-cap{margin-top:8px}.elementor-widget-text-editor:not(.elementor-drop-cap-view-default) .elementor-drop-cap-letter{width:1em;height:1em}.elementor-widget-text-editor .elementor-drop-cap{float:left;text-align:center;line-height:1;font-size:50px}.elementor-widget-text-editor .elementor-drop-cap-letter{display:inline-block}<\/style>\t\t\t\t<p>J&#8217;accompagne les entreprises et les collectivit\u00e9s dans leurs incitations aupr\u00e8s des collaborateurs et des citoyens \u00e0 bouger plus, mieux, en travaillant sur les d\u00e9placements, les trajets du quotidien, pour se passer le plus souvent possible de la voiture.<\/p><p>Je veux redonner \u00e0 chacun le plaisir de bouger, de red\u00e9couvrir son environnement.<\/p><p>Je souhaite appliquer des m\u00e9thodes participatives principalement (ateliers collectifs, de cocr\u00e9ation ou balades ou remises en selle, etc.), apprendre en pratiquant, dans la joie et la bonne humeur, retrouver son \u00e2me d&#8217;enfant.\u00a0<\/p><p>Je vais me servir d\u2019outils simples comme papier, crayon, jeux de cartes, et aussi v\u00e9los, vid\u00e9os\u2026<\/p><p>Je pratique\u00a0 \u00e9galement le coaching individuel.<\/p><p>Je m&#8217;autorise \u00e0 sortir du cadre pour d\u00e9border sur &#8220;comment faire bouger les \u00e9quipes&#8221; en leur proposant des m\u00e9thodes de cr\u00e9ativit\u00e9, pour penser autrement.<\/p>\t\t\t\t\t\t<\/div>\n\t\t\t\t<\/div>\n\t\t\t\t<\/div>\n\t\t\t\t<\/div>\n\t\t","protected":false},"excerpt":{"rendered":"<p>J&#8217;accompagne les entreprises et les collectivit\u00e9s dans leurs incitations aupr\u00e8s des collaborateurs et des citoyens \u00e0 bouger plus, mieux, en travaillant sur les d\u00e9placements, les trajets du quotidien, pour se passer le plus souvent possible de la voiture. Je veux redonner \u00e0 chacun le plaisir de bouger, de red\u00e9couvrir son environnement. Je souhaite appliquer des &hellip; <\/p>\n<p class=\"link-more\"><a href=\"http:\/\/www.leslunettesjaunes.com\/index.php\/a-propos-de-2\/\" class=\"more-link\">Continue reading<span class=\"screen-reader-text\"> &#8220;A propos de&#8221;<\/span><\/a><\/p>\n","protected":false},"author":1,"featured_media":79,"parent":0,"menu_order":0,"comment_status":"closed","ping_status":"closed","template":"","meta":{"footnotes":""},"class_list":["post-93","page","type-page","status-publish","has-post-thumbnail","hentry"],"_links":{"self":[{"href":"http:\/\/www.leslunettesjaunes.com\/index.php\/wp-json\/wp\/v2\/pages\/93","targetHints":{"allow":["GET"]}}],"collection":[{"href":"http:\/\/www.leslunettesjaunes.com\/index.php\/wp-json\/wp\/v2\/pages"}],"about":[{"href":"http:\/\/www.leslunettesjaunes.com\/index.php\/wp-json\/wp\/v2\/types\/page"}],"author":[{"embeddable":true,"href":"http:\/\/www.leslunettesjaunes.com\/index.php\/wp-json\/wp\/v2\/users\/1"}],"replies":[{"embeddable":true,"href":"http:\/\/www.leslunettesjaunes.com\/index.php\/wp-json\/wp\/v2\/comments?post=93"}],"version-history":[{"count":10,"href":"http:\/\/www.leslunettesjaunes.com\/index.php\/wp-json\/wp\/v2\/pages\/93\/revisions"}],"predecessor-version":[{"id":162,"href":"http:\/\/www.leslunettesjaunes.com\/index.php\/wp-json\/wp\/v2\/pages\/93\/revisions\/162"}],"wp:featuredmedia":[{"embeddable":true,"href":"http:\/\/www.leslunettesjaunes.com\/index.php\/wp-json\/wp\/v2\/media\/79"}],"wp:attachment":[{"href":"http:\/\/www.leslunettesjaunes.com\/index.php\/wp-json\/wp\/v2\/media?parent=93"}],"curies":[{"name":"wp","href":"https:\/\/api.w.org\/{rel}","templated":true}]}}